{"id":5,"date":"2023-06-10T10:15:09","date_gmt":"2023-06-10T03:15:09","guid":{"rendered":"http:\/\/localhost\/mekonggourmet\/?page_id=5"},"modified":"2023-06-10T14:46:24","modified_gmt":"2023-06-10T07:46:24","slug":"accueil","status":"publish","type":"page","link":"https:\/\/mekonggourmet.asia\/","title":{"rendered":"ACCUEIL"},"content":{"rendered":"[vc_row row_type=&#8221;section&#8221; type=&#8221;grid&#8221; text_align=&#8221;left&#8221; video=&#8221;&#8221; padding_top=&#8221;100&#8243; padding_bottom=&#8221;87&#8243;][vc_column][vc_row_inner row_type=&#8221;row&#8221; text_align=&#8221;left&#8221; css_animation=&#8221;&#8221;][vc_column_inner css=&#8221;.vc_custom_1685358397527{padding-right: 0px !important;padding-bottom: 50px !important;padding-left: 0px !important;}&#8221;][vc_single_image image=&#8221;7326&#8243; img_size=&#8221;medium&#8221; alignment=&#8221;center&#8221; css=&#8221;.vc_custom_1685678136051{padding-bottom: 30px !important;}&#8221;][vc_column_text]\n<h1 style=\"text-align: center;\"><span style=\"color: #00552c;\">MEKONG GOURMET<\/span><\/h1>\n<p>&nbsp;<\/p>\n<h4 style=\"text-align: center;\"><span style=\"color: #ca9e67;\">VOTRE SOURCE DE FRAICHEUR ET DE BIEN-ETRE FRUIT\u00c9E<\/span><\/h4>\n<p>&nbsp;<\/p>\n<h4 style=\"text-align: center;\">Avec plus de 10 ans d\u2019exp\u00e9rience dans l\u2019import export en Asie, M\u00e9kong Gourmet s\u00e9lectionne pour vous les meilleurs fruits du Vietnam.<br \/>\nSitu\u00e9 dans le sud \u00e0 Ho Chi Minh, \u00e0 proximit\u00e9 des r\u00e9gions agricoles et fruiti\u00e8res, nous sommes proches de nos producteurs.<\/h4>\n[\/vc_column_text][\/vc_column_inner][\/vc_row_inner][vc_row_inner row_type=&#8221;row&#8221; text_align=&#8221;left&#8221; css_animation=&#8221;&#8221;][vc_column_inner width=&#8221;1\/3&#8243;]<div class='q_icon_with_title large  circle'><div class=\"icon_holder q_icon_animation\" style=\" transition-delay: 200ms; -webkit-transition-delay: 200ms; -moz-transition-delay: 200ms; -o-transition-delay: 200ms;\"><span class=\"fa-stack fa-4x \" style=\"font-size: 52px;\"><i class=\"fa fa-circle fa-stack-base fa-stack-2x\" style=\"color: #f6f6f6;\"><\/i><i class=\"fa fa-smile-o fa-stack-1x\" style=\"\"><\/i><\/span><\/div><div class=\"icon_text_holder\"><div class=\"icon_text_inner\" style=\"\"><h4 class=\"icon_title\" style=\"\">DES SAVEURS UNIQUES<\/h4><p style=''>L\u2019emplacement g\u00e9ographique et les conditions climatiques rendent les fruits vietnamiens uniques.<\/p><a class='icon_with_title_link' href='https:\/\/mekonggourmet.asia\/?page_id=7' target='_self' ><b>En savoir plus<\/b><\/a><\/div><\/div><\/div>[\/vc_column_inner][vc_column_inner width=&#8221;1\/3&#8243;]<div class='q_icon_with_title large  circle'><div class=\"icon_holder q_icon_animation\" style=\" transition-delay: 400ms; -webkit-transition-delay: 400ms; -moz-transition-delay: 400ms; -o-transition-delay: 400ms;\"><span class=\"fa-stack fa-4x \" style=\"font-size: 52px;\"><i class=\"fa fa-circle fa-stack-base fa-stack-2x\" style=\"color: #f6f6f6;\"><\/i><i class=\"fa fa-trophy fa-stack-1x\" style=\"\"><\/i><\/span><\/div><div class=\"icon_text_holder\"><div class=\"icon_text_inner\" style=\"\"><h4 class=\"icon_title\" style=\"\">UNE QUALIT\u00c9 IN\u00c9GAL\u00c9E<\/h4><p style=''>Tous nos fruits sont certifi\u00e9s GLOBAL GAP et SGS.<\/p><a class='icon_with_title_link' href='https:\/\/mekonggourmet.asia\/?page_id=7' target='_self' ><b>En savoir plus<\/b><\/a><\/div><\/div><\/div>[\/vc_column_inner][vc_column_inner width=&#8221;1\/3&#8243;]<div class='q_icon_with_title large  circle'><div class=\"icon_holder q_icon_animation\" style=\" transition-delay: 600ms; -webkit-transition-delay: 600ms; -moz-transition-delay: 600ms; -o-transition-delay: 600ms;\"><span class=\"fa-stack fa-4x \" style=\"font-size: 52px;\"><i class=\"fa fa-circle fa-stack-base fa-stack-2x\" style=\"color: #f6f6f6;\"><\/i><i class=\"fa fa-globe fa-stack-1x\" style=\"\"><\/i><\/span><\/div><div class=\"icon_text_holder\"><div class=\"icon_text_inner\" style=\"\"><h4 class=\"icon_title\" style=\"\">LE MEILLEUR DU VIETNAM<\/h4><p style=''>Tous nos fruits sont rigoureusement choisis.<\/p><a class='icon_with_title_link' href='https:\/\/mekonggourmet.asia\/?page_id=7' target='_self' ><b>En savoir plus<\/b><\/a><\/div><\/div><\/div>[\/vc_column_inner][\/vc_row_inner][\/vc_column][\/vc_row][vc_row row_type=&#8221;section&#8221; type=&#8221;full_width&#8221; text_align=&#8221;left&#8221; video=&#8221;&#8221; background_color=&#8221;#f6f6f6&#8243; padding_top=&#8221;45&#8243; padding_bottom=&#8221;45&#8243;][vc_column]<span class=\"custom_font_holder\" style=\"font-family: Open Sans; font-size: 19px; line-height: 26px; font-style: normal; font-weight: 300; text-decoration: none; text-align: center;\">\n<h2>&#8220;L\u2019 eau de coco est la meilleure boisson apr\u00e8s l\u2019eau.&#8221;<\/h2>\n<\/span>[\/vc_column][\/vc_row][vc_row row_type=&#8221;section&#8221; type=&#8221;grid&#8221; text_align=&#8221;left&#8221; video=&#8221;&#8221; background_color=&#8221;#f6f6f6&#8243; background_image=&#8221;7344&#8243; padding_top=&#8221;80&#8243; padding_bottom=&#8221;80&#8243;][vc_column width=&#8221;1\/2&#8243;][vc_row_inner row_type=&#8221;row&#8221; text_align=&#8221;right&#8221; css_animation=&#8221;element_from_left&#8221;][vc_column_inner][vc_single_image image=&#8221;7668&#8243; img_size=&#8221;full&#8221; alignment=&#8221;right&#8221;][\/vc_column_inner][\/vc_row_inner][\/vc_column][vc_column width=&#8221;1\/2&#8243;][vc_row_inner row_type=&#8221;row&#8221; text_align=&#8221;left&#8221; css_animation=&#8221;&#8221; css=&#8221;.vc_custom_1685441463147{padding-top: 30px !important;padding-right: 30px !important;padding-bottom: 30px !important;padding-left: 30px !important;background-color: rgba(255,255,255,0.83) !important;*background-color: rgb(255,255,255) !important;}&#8221;][vc_column_inner][vc_column_text]\n<h3>LA COCONUT,<br \/>\nDES VERTUS INSOUP\u00c7ONN\u00c9ES<\/h3>\n<hr \/>\n[\/vc_column_text][vc_separator type=&#8221;transparent&#8221; up=&#8221;12&#8243; down=&#8221;12&#8243;][vc_column_text]<span style=\"font-weight: 400;\">Riche en vitamine B et C, en calcium, potassium et magn\u00e9sium.<\/span><\/p>\n<h3><strong><span style=\"color: #008000;\">La boisson pr\u00e9f\u00e9r\u00e9e des sportifs !<\/span><\/strong><\/h3>\n<p><span style=\"font-weight: 400;\">La coconut est une boisson vertueuse qui recharge l\u2019organisme, hydratante, \u00e9nergisante, rafra\u00eechissante, un drainant naturel riche en vitamines et en valeurs nutritionnelles telles que min\u00e9raux, calcium, potassium, fer et magn\u00e9sium.<\/span><\/p>\n<p><span style=\"font-weight: 400;\"><strong>La coconut de M\u00e9kong Gourmet<\/strong> se distingue par son go\u00fbt unique l\u00e9g\u00e8rement sucr\u00e9, et ses atouts vitamin\u00e9s, riches en oligo\u00e9l\u00e9ments. M\u00e9kong Gourmet a su garder son authenticit\u00e9 tout en facilitant son utilisation. <\/span>[\/vc_column_text][vc_separator type=&#8221;transparent&#8221; up=&#8221;15&#8243; down=&#8221;15&#8243;]<a href=\"https:\/\/mekonggourmet.asia\/?page_id=7487\" target=\"_self\" class=\"qbutton  tiny\" style=\"\">En savoir plus<i class=\"fa fa-angle-right fa-lg\" style=\"\"><\/i><\/a>[\/vc_column_inner][\/vc_row_inner][\/vc_column][\/vc_row][vc_row row_type=&#8221;row&#8221; text_align=&#8221;left&#8221; css_animation=&#8221;&#8221; css=&#8221;.vc_custom_1685443088058{padding-top: 50px !important;}&#8221;][vc_column][vc_column_text]\n<h2 style=\"text-align: center;\">Retrouvez-nous \u00e9galement sur les r\u00e9seaux sociaux<\/h2>\n[\/vc_column_text][\/vc_column][\/vc_row][vc_row row_type=&#8221;section&#8221; type=&#8221;grid&#8221; text_align=&#8221;center&#8221; video=&#8221;&#8221;][vc_column width=&#8221;1\/3&#8243;]<div class='q_icon_with_title medium  circle center'><div class=\"icon_holder q_icon_animation\" style=\"margin: 0 0 5px; \"><span class=\"fa-stack fa-3x \" style=\"font-size: 40px;\"><i class=\"fa fa-circle fa-stack-base fa-stack-2x\" style=\"\"><\/i><i class=\"fa fa-facebook fa-stack-1x\" style=\"color: #ffeea4;\"><\/i><\/span><\/div><div class=\"icon_text_holder\"><div class=\"icon_text_inner\" style=\"\"><h5 class=\"icon_title\" style=\"\">Facebook<\/h5><p style=''>Restez proche de votre partenaire fraicheur pr\u00e9f\u00e9r\u00e9<\/p><\/div><\/div><\/div><a href=\"https:\/\/www.facebook.com\/profile.php?id=100093367515694\" target=\"_blank\" class=\"qbutton \" style=\"\">Faire un tour<\/a>[\/vc_column][vc_column width=&#8221;1\/3&#8243;]<div class='q_icon_with_title medium  circle center'><div class=\"icon_holder q_icon_animation\" style=\"margin: 0 0 5px; \"><span class=\"fa-stack fa-3x \" style=\"font-size: 40px;\"><i class=\"fa fa-circle fa-stack-base fa-stack-2x\" style=\"\"><\/i><i class=\"fa fa-linkedin fa-stack-1x\" style=\"color: #ffeea4;\"><\/i><\/span><\/div><div class=\"icon_text_holder\"><div class=\"icon_text_inner\" style=\"\"><h5 class=\"icon_title\" style=\"\">LinkedIn<\/h5><p style=''>Notre actualit\u00e9 professionelle<\/p><\/div><\/div><\/div><a href=\"https:\/\/www.linkedin.com\/company\/m%C3%A9kong-gourmet\/\" target=\"_blank\" class=\"qbutton \" style=\"\">Faire un tour<\/a>[\/vc_column][vc_column width=&#8221;1\/3&#8243;]<div class='q_icon_with_title medium  circle center'><div class=\"icon_holder q_icon_animation\" style=\"margin: 0 0 5px; \"><span class=\"fa-stack fa-3x \" style=\"font-size: 40px;\"><i class=\"fa fa-circle fa-stack-base fa-stack-2x\" style=\"\"><\/i><i class=\"fa fa-instagram fa-stack-1x\" style=\"color: #ffeea4;\"><\/i><\/span><\/div><div class=\"icon_text_holder\"><div class=\"icon_text_inner\" style=\"\"><h5 class=\"icon_title\" style=\"\">Instagram<\/h5><p style=''>Notre actu en images<\/p><\/div><\/div><\/div><a href=\"\" target=\"_self\" class=\"qbutton \" style=\"\">Faire un tour<\/a>[\/vc_column][\/vc_row]\n","protected":false},"excerpt":{"rendered":"<p>[vc_row row_type=&#8221;section&#8221; type=&#8221;grid&#8221; text_align=&#8221;left&#8221; video=&#8221;&#8221; padding_top=&#8221;100&#8243; padding_bottom=&#8221;87&#8243;][vc_column][vc_row_inner row_type=&#8221;row&#8221; text_align=&#8221;left&#8221; css_animation=&#8221;&#8221;][vc_column_inner css=&#8221;.vc_custom_1685358397527{padding-right: 0px !important;padding-bottom: 50px !important;padding-left: 0px !important;}&#8221;][vc_single_image image=&#8221;7326&#8243; img_size=&#8221;medium&#8221; alignment=&#8221;center&#8221; css=&#8221;.vc_custom_1685678136051{padding-bottom: 30px !important;}&#8221;][vc_column_text] MEKONG GOURMET &nbsp; VOTRE SOURCE DE FRAICHEUR ET DE BIEN-ETRE FRUIT\u00c9E &nbsp; Avec plus de 10 ans d\u2019exp\u00e9rience dans l\u2019import export en&#8230;<\/p>\n","protected":false},"author":1,"featured_media":0,"parent":0,"menu_order":0,"comment_status":"closed","ping_status":"closed","template":"full_width.php","meta":{"footnotes":""},"class_list":["post-5","page","type-page","status-publish","hentry"],"_links":{"self":[{"href":"https:\/\/mekonggourmet.asia\/index.php?rest_route=\/wp\/v2\/pages\/5","targetHints":{"allow":["GET"]}}],"collection":[{"href":"https:\/\/mekonggourmet.asia\/index.php?rest_route=\/wp\/v2\/pages"}],"about":[{"href":"https:\/\/mekonggourmet.asia\/index.php?rest_route=\/wp\/v2\/types\/page"}],"author":[{"embeddable":true,"href":"https:\/\/mekonggourmet.asia\/index.php?rest_route=\/wp\/v2\/users\/1"}],"replies":[{"embeddable":true,"href":"https:\/\/mekonggourmet.asia\/index.php?rest_route=%2Fwp%2Fv2%2Fcomments&post=5"}],"version-history":[{"count":36,"href":"https:\/\/mekonggourmet.asia\/index.php?rest_route=\/wp\/v2\/pages\/5\/revisions"}],"predecessor-version":[{"id":7749,"href":"https:\/\/mekonggourmet.asia\/index.php?rest_route=\/wp\/v2\/pages\/5\/revisions\/7749"}],"wp:attachment":[{"href":"https:\/\/mekonggourmet.asia\/index.php?rest_route=%2Fwp%2Fv2%2Fmedia&parent=5"}],"curies":[{"name":"wp","href":"https:\/\/api.w.org\/{rel}","templated":true}]}}