{"id":7380,"date":"2023-05-30T11:14:21","date_gmt":"2023-05-30T04:14:21","guid":{"rendered":"http:\/\/localhost\/mekonggourmet\/?page_id=7380"},"modified":"2023-06-12T17:59:16","modified_gmt":"2023-06-12T10:59:16","slug":"coconut","status":"publish","type":"page","link":"https:\/\/mekonggourmet.asia\/?page_id=7380","title":{"rendered":"COCONUT"},"content":{"rendered":"[vc_row row_type=&#8221;section&#8221; type=&#8221;full_width&#8221; text_align=&#8221;center&#8221; video=&#8221;&#8221; background_color=&#8221;#3e9946&#8243; padding_top=&#8221;40&#8243; padding_bottom=&#8221;40&#8243;][vc_column][vc_column_text]\n<h2 style=\"text-align: center;\"><span style=\"color: #ffeea4;\">Un joyau aux multiples vertus<\/span><\/h2>\n[\/vc_column_text][vc_column_text css=&#8221;.vc_custom_1685447810738{padding-top: 40px !important;padding-right: 25% !important;padding-left: 25% !important;}&#8221;]\n<h4><span style=\"color: #ffffff;\">Rihanna, Madonna, Matthew McConaughey\u2026 Les stars en sont folles et n\u2019h\u00e9sitent pas \u00e0 investir dans sa production. L\u2019eau de coco que l\u2019on sirote sur les plages paradisiaques, a depuis quelques ann\u00e9es le vent en poupe et se retrouve d\u00e9sormais dans les rayons des supermarch\u00e9s. Voici cinq raisons qui expliquent un tel succ\u00e8s.<\/span><\/h4>\n[\/vc_column_text][\/vc_column][\/vc_row][vc_row row_type=&#8221;row&#8221; text_align=&#8221;left&#8221; css_animation=&#8221;&#8221;][vc_column css=&#8221;.vc_custom_1685530058186{padding-top: 50px !important;}&#8221;][vc_single_image image=&#8221;7668&#8243; img_size=&#8221;medium&#8221; alignment=&#8221;center&#8221;][\/vc_column][\/vc_row][vc_row row_type=&#8221;row&#8221; text_align=&#8221;left&#8221; css_animation=&#8221;&#8221; css=&#8221;.vc_custom_1685447475812{padding-top: 40px !important;padding-right: 10% !important;padding-bottom: 40px !important;padding-left: 10% !important;}&#8221;][vc_column width=&#8221;1\/5&#8243;][vc_column_text css=&#8221;.vc_custom_1685447588140{padding-bottom: 20px !important;}&#8221;]\n<h3>ELLE AIDE \u00c0 R\u00c9CUP\u00c9RER APR\u00c8S L\u2019EFFORT<\/h3>\n[\/vc_column_text][vc_column_text]<span style=\"font-weight: 400;\">Les sportifs en consomment apr\u00e8s un match, une comp\u00e9tition ou un entra\u00eenement intense au cours duquel ils ont beaucoup transpir\u00e9 et perdu ainsi beaucoup d&#8217;eau. Compos\u00e9e de min\u00e9raux, dont le potassium et le magn\u00e9sium, l\u2019eau de coco tr\u00e8s d\u00e9salt\u00e9rante permet de r\u00e9cup\u00e9rer rapidement au niveau musculaire, et aide \u00e9galement \u00e0 pr\u00e9venir les crampes. Peu sucr\u00e9e (environ 4 g pour 100 ml), elle transfome le glucose en glycog\u00e8ne.<\/span>[\/vc_column_text][\/vc_column][vc_column width=&#8221;1\/5&#8243;][vc_column_text css=&#8221;.vc_custom_1685447512240{padding-bottom: 20px !important;}&#8221;]\n<h3>ELLE STIMULE LE SYST\u00c8ME DIGESTIF<\/h3>\n[\/vc_column_text][vc_column_text]<span style=\"font-weight: 400;\">Notre microbiote est souvent fragilis\u00e9 par des repas trop riches en graisses et en sucres, et par une consommation d\u2019alcool excessive notamment pendant les f\u00eates de fin d\u2019ann\u00e9e. Boire un verre d\u2019eau de coco, laquelle contient de enzymes bioactives, vous permettra de mieux dig\u00e9rer et de ne pas subir ballonnements, reflux gastriques ou br\u00fblures d\u2019estomac. Attention \u00e0 ne pas en abuser car vous risqueriez d&#8217;obtenir les effets inverses.<\/span>[\/vc_column_text][\/vc_column][vc_column width=&#8221;1\/5&#8243;][vc_column_text css=&#8221;.vc_custom_1685447657319{padding-bottom: 20px !important;}&#8221;]\n<h3>ELLE EST EXCELLENTE POUR LA PEAU ET LES CHEVEUX<\/h3>\n[\/vc_column_text][vc_column_text]<span style=\"font-weight: 400;\">A l\u2019instar de Love Beauty and Planet, de nombreuses marques de cosm\u00e9tiques utilisent ce liquide &#8211; renferm\u00e9 dans la jeune coconut encore verte &#8211; pour \u00e9laborer des soins capillaires visant \u00e0 hydrater les cheveux. Elle figure aussi dans la composition de produits pour lutter contre le vieillissement de la peau. Riche en anti-oxydants, l\u2019eau de coco appliqu\u00e9e sur le visage traite les peaux grasses et \u00e9limine l\u2019exc\u00e8s de s\u00e9bum. On peut aussi l&#8217;utiliser comme shampoing pour obtenir des cheveux doux et brillants.<\/span>[\/vc_column_text][\/vc_column][vc_column width=&#8221;1\/5&#8243;][vc_column_text css=&#8221;.vc_custom_1685447708198{padding-bottom: 20px !important;}&#8221;]\n<h3>ELLE COMBAT LA CELLULITE<\/h3>\n[\/vc_column_text][vc_column_text]<span style=\"font-weight: 400;\">L\u2019eau de coco aux propri\u00e9t\u00e9s drainantes lutte contre la r\u00e9tention d\u2019eau dont sont atteintes des milliers de femmes, et pr\u00e9vient l\u2019apparition de la cellulite. Il est donc recommand\u00e9 de boire r\u00e9guli\u00e8rement cette boisson aux multiples propri\u00e9t\u00e9s pour \u00e9liminer les amas graisseux qui se stockent tr\u00e8s souvent au niveau du ventre et des cuisses. Elle est aussi conseill\u00e9 en cas de r\u00e9gime alimentaire pour sa teneur plut\u00f4t faible en calories (20 calories pour 100 ml).<\/span>[\/vc_column_text][\/vc_column][vc_column width=&#8221;1\/5&#8243;][vc_column_text css=&#8221;.vc_custom_1685447743109{padding-bottom: 20px !important;}&#8221;]\n<h3>ELLE PROT\u00c8GE LE C\u0152UR<\/h3>\n[\/vc_column_text][vc_column_text]<span style=\"font-weight: 400;\">Ce rem\u00e8de naturel compos\u00e9 \u00e0 95% d\u2019eau, contribue \u00e0 r\u00e9duire le stress, le taux de mauvais cholest\u00e9rol et la pression art\u00e9rielle. Par cons\u00e9quent, l\u2019eau de coco permet de diminuer le risque de maladies cardiovasculaires. Une bonne alimentation aide souvent \u00e0 \u00e9liminer les caillots sanguins qui bouchent parfois les art\u00e8res.<\/span>[\/vc_column_text][\/vc_column][\/vc_row][vc_row row_type=&#8221;row&#8221; text_align=&#8221;left&#8221; css_animation=&#8221;&#8221; css=&#8221;.vc_custom_1686222086674{padding-top: 40px !important;padding-bottom: 40px !important;background-image: url(https:\/\/mekonggourmet.asia\/wp-content\/uploads\/2023\/05\/vung-nguyen-lieu.jpg?id=7381) !important;background-position: center !important;background-repeat: no-repeat !important;background-size: cover !important;}&#8221;][vc_column][vc_column_text el_class=&#8221;shadow&#8221;]\n<h2 style=\"text-align: center;\"><span style=\"color: #ffffff;\">LES BIENFAITS DE L&#8217;EAU DE COCO POUR LES SPORTIFS<\/span><\/h2>\n[\/vc_column_text][vc_row_inner row_type=&#8221;row&#8221; text_align=&#8221;left&#8221; css_animation=&#8221;&#8221; css=&#8221;.vc_custom_1685449171623{padding-top: 30px !important;padding-right: 10% !important;padding-bottom: 30px !important;padding-left: 10% !important;}&#8221;][vc_column_inner width=&#8221;1\/4&#8243; css=&#8221;.vc_custom_1685449081655{border-top-width: 0px !important;border-right-width: 0px !important;border-bottom-width: 0px !important;border-left-width: 0px !important;padding-top: 30px !important;padding-right: 30px !important;padding-bottom: 30px !important;padding-left: 30px !important;background-color: rgba(255,255,255,0.75) !important;*background-color: rgb(255,255,255) !important;}&#8221;][vc_column_text]\n<h4 style=\"text-align: center;\">ULTRA REMIN\u00c9RALISANTE<\/h4>\n[\/vc_column_text][vc_column_text css=&#8221;.vc_custom_1685448637663{padding-top: 20px !important;}&#8221;]<span style=\"font-weight: 400; color: #000000;\">Gr\u00e2ce \u00e0 sa forte concentration en sodium mais aussi en magn\u00e9sium, potassium, calcium et phosphore, elle permet de rapidement recharger les pertes en min\u00e9raux li\u00e9es au sport.<\/span>[\/vc_column_text][\/vc_column_inner][vc_column_inner width=&#8221;1\/4&#8243; css=&#8221;.vc_custom_1685449089999{border-top-width: 0px !important;border-right-width: 0px !important;border-bottom-width: 0px !important;border-left-width: 0px !important;padding-top: 30px !important;padding-right: 30px !important;padding-bottom: 30px !important;padding-left: 30px !important;background-color: rgba(255,255,255,0.75) !important;*background-color: rgb(255,255,255) !important;}&#8221;][vc_column_text]\n<h4 style=\"text-align: center;\">\u00c9NERGISANTE<\/h4>\n[\/vc_column_text][vc_column_text css=&#8221;.vc_custom_1685448711028{padding-top: 20px !important;}&#8221;]<span style=\"font-weight: 400; color: #000000;\">L\u2019eau de coco est aussi tr\u00e8s riche en vitamine C, ce qui en fait une alternative saine et naturelle aux boissons sportives traditionnelles (souvent trop sucr\u00e9es!).<\/span>[\/vc_column_text][\/vc_column_inner][vc_column_inner width=&#8221;1\/4&#8243; css=&#8221;.vc_custom_1685448978696{padding-top: 30px !important;padding-right: 30px !important;padding-bottom: 30px !important;padding-left: 30px !important;background-color: rgba(255,255,255,0.75) !important;*background-color: rgb(255,255,255) !important;}&#8221;][vc_column_text]\n<h4 style=\"text-align: center;\">L&#8217;AMIE DE NOS MUSCLES<\/h4>\n[\/vc_column_text][vc_column_text css=&#8221;.vc_custom_1685448782171{padding-top: 20px !important;}&#8221;]<span style=\"font-weight: 400; color: #000000;\">Le potassium contenu dans l\u2019eau de coco permet au corps de r\u00e9cup\u00e9rer plus facilement apr\u00e8s l\u2019effort au niveau musculaire mais aussi de pr\u00e9venir des crampes.<\/span>[\/vc_column_text][\/vc_column_inner][vc_column_inner width=&#8221;1\/4&#8243; css=&#8221;.vc_custom_1685448991144{padding-top: 30px !important;padding-right: 30px !important;padding-bottom: 30px !important;padding-left: 30px !important;background-color: rgba(255,255,255,0.75) !important;*background-color: rgb(255,255,255) !important;}&#8221;][vc_column_text]\n<h4 style=\"text-align: center;\">FAIBLE EN SUCRES ET EN CALORIES<\/h4>\n[\/vc_column_text][vc_column_text css=&#8221;.vc_custom_1685448935096{padding-top: 20px !important;}&#8221;]<span style=\"font-weight: 400; color: #000000;\">Je suis sure que vous \u00eates en train de vous demander pourquoi vous n\u2019en aviez pas entendu parler plus t\u00f4t non ?<\/span>[\/vc_column_text][\/vc_column_inner][\/vc_row_inner][\/vc_column][\/vc_row]\n","protected":false},"excerpt":{"rendered":"<p>[vc_row row_type=&#8221;section&#8221; type=&#8221;full_width&#8221; text_align=&#8221;center&#8221; video=&#8221;&#8221; background_color=&#8221;#3e9946&#8243; padding_top=&#8221;40&#8243; padding_bottom=&#8221;40&#8243;][vc_column][vc_column_text] Un joyau aux multiples vertus [\/vc_column_text][vc_column_text css=&#8221;.vc_custom_1685447810738{padding-top: 40px !important;padding-right: 25% !important;padding-left: 25% !important;}&#8221;] Rihanna, Madonna, Matthew McConaughey\u2026 Les stars en sont folles et n\u2019h\u00e9sitent pas \u00e0 investir dans sa production. L\u2019eau de coco que l\u2019on sirote sur&#8230;<\/p>\n","protected":false},"author":1,"featured_media":0,"parent":0,"menu_order":0,"comment_status":"closed","ping_status":"closed","template":"full_width.php","meta":{"footnotes":""},"class_list":["post-7380","page","type-page","status-publish","hentry"],"_links":{"self":[{"href":"https:\/\/mekonggourmet.asia\/index.php?rest_route=\/wp\/v2\/pages\/7380","targetHints":{"allow":["GET"]}}],"collection":[{"href":"https:\/\/mekonggourmet.asia\/index.php?rest_route=\/wp\/v2\/pages"}],"about":[{"href":"https:\/\/mekonggourmet.asia\/index.php?rest_route=\/wp\/v2\/types\/page"}],"author":[{"embeddable":true,"href":"https:\/\/mekonggourmet.asia\/index.php?rest_route=\/wp\/v2\/users\/1"}],"replies":[{"embeddable":true,"href":"https:\/\/mekonggourmet.asia\/index.php?rest_route=%2Fwp%2Fv2%2Fcomments&post=7380"}],"version-history":[{"count":23,"href":"https:\/\/mekonggourmet.asia\/index.php?rest_route=\/wp\/v2\/pages\/7380\/revisions"}],"predecessor-version":[{"id":7763,"href":"https:\/\/mekonggourmet.asia\/index.php?rest_route=\/wp\/v2\/pages\/7380\/revisions\/7763"}],"wp:attachment":[{"href":"https:\/\/mekonggourmet.asia\/index.php?rest_route=%2Fwp%2Fv2%2Fmedia&parent=7380"}],"curies":[{"name":"wp","href":"https:\/\/api.w.org\/{rel}","templated":true}]}}