{"id":7534,"date":"2023-06-06T05:05:21","date_gmt":"2023-06-06T05:05:21","guid":{"rendered":"http:\/\/localhost\/mekonggourmet\/?page_id=7534"},"modified":"2023-06-08T17:58:13","modified_gmt":"2023-06-08T10:58:13","slug":"le-citron-vert-mekong-gourmet","status":"publish","type":"page","link":"https:\/\/mekonggourmet.asia\/?page_id=7534","title":{"rendered":"LE CITRON VERT MEKONG GOURMET"},"content":{"rendered":"[vc_row row_type=&#8221;row&#8221; text_align=&#8221;left&#8221; css_animation=&#8221;&#8221; css=&#8221;.vc_custom_1686028176424{padding-top: 80px !important;padding-right: 15% !important;padding-bottom: 40px !important;padding-left: 15% !important;}&#8221;][vc_column width=&#8221;1\/2&#8243;][vc_gallery interval=&#8221;3&#8243; images=&#8221;7538,7539,7540&#8243; img_size=&#8221;large&#8221; onclick=&#8221;&#8221;][\/vc_column][vc_column width=&#8221;1\/2&#8243;][vc_column_text css=&#8221;.vc_custom_1686027947587{padding-bottom: 40px !important;}&#8221;]\n<h3>LE CITRON VERT MEKONG GOURMET<\/h3>\n[\/vc_column_text][vc_column_text]<span style=\"font-weight: 400;\">Notre lime verte \u00e0 fort pouvoir antioxydant est <strong>certifi\u00e9e sans pesticides<\/strong> par analyse biologique SGS. <\/span><\/p>\n<p>&nbsp;<\/p>\n<p><span style=\"font-weight: 400;\">La lime, qui se diff\u00e9rencie du citron jaune,\u00a0 se caract\u00e9rise par une \u00e9corce fine et aromatique, une chair presque sans p\u00e9pins et un jus abondant (presque deux fois plus que le citron jaune). Son go\u00fbt est plus intense et aromatique que celui du citron. <\/span><\/p>\n<p>&nbsp;<\/p>\n<p><span style=\"font-weight: 400;\">Dans l&#8217;organisme, les mol\u00e9cules antioxydantes de la lime <strong>aident \u00e0 lutter contre l&#8217;oxydation cellulaire<\/strong>, \u00e0 <strong>ralentir le vieillissement<\/strong> pr\u00e9matur\u00e9 des cellules de l&#8217;organisme et ont un <strong>effet pr\u00e9ventif sur certaines maladies<\/strong> telles que les maladies cardiovasculaires et certains cancers. <\/span><\/p>\n<p>&nbsp;<\/p>\n<p><span style=\"font-weight: 400;\">Le citron vert est un fruit riche en vitamine C, <strong>id\u00e9al pour combattre la fatigue<\/strong>. Nous l\u2019exportons par voie maritime r\u00e9frig\u00e9r\u00e9e, la lime a une longue dur\u00e9e de conservation en temp\u00e9rature fraiche. Nous conditionnons la lime en carton 4.5kgs (taille 8-16 pcs \/kg) pour la France, et autre format pour l\u2019Europe et l\u2019Asie. <\/span>[\/vc_column_text][\/vc_column][\/vc_row][vc_row row_type=&#8221;row&#8221; text_align=&#8221;center&#8221; css_animation=&#8221;&#8221; css=&#8221;.vc_custom_1686221974618{padding-top: 40px !important;padding-right: 15% !important;padding-bottom: 40px !important;padding-left: 15% !important;background-image: url(https:\/\/mekonggourmet.asia\/wp-content\/uploads\/2023\/06\/lime_04.jpg?id=7539) !important;background-position: center !important;background-repeat: no-repeat !important;background-size: cover !important;}&#8221;][vc_column][vc_column_text el_class=&#8221;shadow&#8221;]\n<h3><span style=\"color: #ffffff;\"><em><span style=\"font-weight: 400;\">Nous exportons nos citrons verts par voie maritime r\u00e9frig\u00e9r\u00e9e pour la France et toute l&#8217;Europe<\/span><\/em><\/span><\/h3>\n[\/vc_column_text][\/vc_column][\/vc_row]\n","protected":false},"excerpt":{"rendered":"<p>[vc_row row_type=&#8221;row&#8221; text_align=&#8221;left&#8221; css_animation=&#8221;&#8221; css=&#8221;.vc_custom_1686028176424{padding-top: 80px !important;padding-right: 15% !important;padding-bottom: 40px !important;padding-left: 15% !important;}&#8221;][vc_column width=&#8221;1\/2&#8243;][vc_gallery interval=&#8221;3&#8243; images=&#8221;7538,7539,7540&#8243; img_size=&#8221;large&#8221; onclick=&#8221;&#8221;][\/vc_column][vc_column width=&#8221;1\/2&#8243;][vc_column_text css=&#8221;.vc_custom_1686027947587{padding-bottom: 40px !important;}&#8221;] LE CITRON VERT MEKONG GOURMET [\/vc_column_text][vc_column_text]Notre lime verte \u00e0 fort pouvoir antioxydant est certifi\u00e9e sans pesticides par analyse biologique SGS. &nbsp; La lime,&#8230;<\/p>\n","protected":false},"author":1,"featured_media":0,"parent":0,"menu_order":0,"comment_status":"closed","ping_status":"closed","template":"full_width.php","meta":{"footnotes":""},"class_list":["post-7534","page","type-page","status-publish","hentry"],"_links":{"self":[{"href":"https:\/\/mekonggourmet.asia\/index.php?rest_route=\/wp\/v2\/pages\/7534","targetHints":{"allow":["GET"]}}],"collection":[{"href":"https:\/\/mekonggourmet.asia\/index.php?rest_route=\/wp\/v2\/pages"}],"about":[{"href":"https:\/\/mekonggourmet.asia\/index.php?rest_route=\/wp\/v2\/types\/page"}],"author":[{"embeddable":true,"href":"https:\/\/mekonggourmet.asia\/index.php?rest_route=\/wp\/v2\/users\/1"}],"replies":[{"embeddable":true,"href":"https:\/\/mekonggourmet.asia\/index.php?rest_route=%2Fwp%2Fv2%2Fcomments&post=7534"}],"version-history":[{"count":5,"href":"https:\/\/mekonggourmet.asia\/index.php?rest_route=\/wp\/v2\/pages\/7534\/revisions"}],"predecessor-version":[{"id":7673,"href":"https:\/\/mekonggourmet.asia\/index.php?rest_route=\/wp\/v2\/pages\/7534\/revisions\/7673"}],"wp:attachment":[{"href":"https:\/\/mekonggourmet.asia\/index.php?rest_route=%2Fwp%2Fv2%2Fmedia&parent=7534"}],"curies":[{"name":"wp","href":"https:\/\/api.w.org\/{rel}","templated":true}]}}